{"id":335,"date":"2018-09-04T22:17:26","date_gmt":"2018-09-04T20:17:26","guid":{"rendered":"https:\/\/general-sutter-distillery.com\/wp\/?post_type=product&#038;p=335"},"modified":"2024-10-16T08:31:19","modified_gmt":"2024-10-16T06:31:19","slug":"buehler-zwetschgen-35cl","status":"publish","type":"product","link":"https:\/\/general-sutter-distillery.com\/wp\/produkt\/buehler-zwetschgen-35cl\/","title":{"rendered":"B\u00fchler Zwetschgen 35cl"},"content":{"rendered":"<p>ProSpecieRara B\u00fchler Zwetschgen sortenreine aus Nordwestschweizer Hochstamm B\u00e4umen.<\/p>\n<p><img loading=\"lazy\" decoding=\"async\" class=\"alignleft size-full wp-image-417\" src=\"https:\/\/general-sutter-distillery.com\/wp\/wp-content\/uploads\/2018\/10\/PSR_Logo_sw_mit-Filet_65.png\" alt=\"\" width=\"80\" height=\"65\" \/> <img loading=\"lazy\" decoding=\"async\" class=\"alignleft size-full wp-image-416\" src=\"https:\/\/general-sutter-distillery.com\/wp\/wp-content\/uploads\/2018\/10\/Hochstamm-Suisse_Logo_sw_65.png\" alt=\"\" width=\"155\" height=\"65\" \/><\/p>\n","protected":false},"excerpt":{"rendered":"<p>42% vol <a href=\"https:\/\/general-sutter-distillery.com\/wp\/wp-content\/uploads\/2017\/02\/2017_SILBER_Zwetschgen_1200.jpg\"><img loading=\"lazy\" decoding=\"async\" class=\"alignright wp-image-414 size-full\" src=\"https:\/\/general-sutter-distillery.com\/wp\/wp-content\/uploads\/2018\/10\/distisuisse_silber_01-e1537277375863.png\" alt=\"\" width=\"151\" height=\"150\" srcset=\"https:\/\/general-sutter-distillery.com\/wp\/wp-content\/uploads\/2018\/10\/distisuisse_silber_01-e1537277375863.png 151w, https:\/\/general-sutter-distillery.com\/wp\/wp-content\/uploads\/2018\/10\/distisuisse_silber_01-e1537277375863-150x150.png 150w, https:\/\/general-sutter-distillery.com\/wp\/wp-content\/uploads\/2018\/10\/distisuisse_silber_01-e1537277375863-100x100.png 100w\" sizes=\"auto, (max-width: 151px) 100vw, 151px\" \/><\/a><\/p>\n","protected":false},"featured_media":391,"template":"","meta":[],"product_brand":[],"product_cat":[26],"product_tag":[],"class_list":{"0":"post-335","1":"product","2":"type-product","3":"status-publish","4":"has-post-thumbnail","6":"product_cat-zwetschgen","8":"first","9":"instock","10":"taxable","11":"shipping-taxable","12":"purchasable","13":"product-type-simple"},"_links":{"self":[{"href":"https:\/\/general-sutter-distillery.com\/wp\/wp-json\/wp\/v2\/product\/335","targetHints":{"allow":["GET"]}}],"collection":[{"href":"https:\/\/general-sutter-distillery.com\/wp\/wp-json\/wp\/v2\/product"}],"about":[{"href":"https:\/\/general-sutter-distillery.com\/wp\/wp-json\/wp\/v2\/types\/product"}],"wp:featuredmedia":[{"embeddable":true,"href":"https:\/\/general-sutter-distillery.com\/wp\/wp-json\/wp\/v2\/media\/391"}],"wp:attachment":[{"href":"https:\/\/general-sutter-distillery.com\/wp\/wp-json\/wp\/v2\/media?parent=335"}],"wp:term":[{"taxonomy":"product_brand","embeddable":true,"href":"https:\/\/general-sutter-distillery.com\/wp\/wp-json\/wp\/v2\/product_brand?post=335"},{"taxonomy":"product_cat","embeddable":true,"href":"https:\/\/general-sutter-distillery.com\/wp\/wp-json\/wp\/v2\/product_cat?post=335"},{"taxonomy":"product_tag","embeddable":true,"href":"https:\/\/general-sutter-distillery.com\/wp\/wp-json\/wp\/v2\/product_tag?post=335"}],"curies":[{"name":"wp","href":"https:\/\/api.w.org\/{rel}","templated":true}]}}